{"id":38,"date":"2016-04-01T19:13:42","date_gmt":"2016-04-01T17:13:42","guid":{"rendered":"http:\/\/www.klubfialka.cz\/?page_id=38"},"modified":"2026-03-23T19:46:14","modified_gmt":"2026-03-23T18:46:14","slug":"kolik-to-stoji","status":"publish","type":"page","link":"https:\/\/www.klubfialka.cz\/?page_id=38","title":{"rendered":"Kolik to stoj\u00ed"},"content":{"rendered":"<p>Cena &#8211; pravideln\u00e1 lekce: 150,- K\u010d \/ 60 min<\/p>\n<p>Cena &#8211; Mysore, veden\u00e1 lekce Ashtangy: 200,- K\u010d \/ 90 min<\/p>\n<hr \/>\n<p><strong><em>Organiza\u010dn\u00ed program lekc\u00ed j\u00f3gy v klubu Fialka a pravidla<\/em> <\/strong><\/p>\n<p><strong><em>Pravideln\u00e9 uzav\u0159en\u00e9 lekce<\/em><\/strong><\/p>\n<p>Lekce pravideln\u00fdch hodin se hrad\u00ed jako jeden blok. Nen\u00ed mo\u017eno nav\u0161t\u011bvovat pouze jednotliv\u00e9 hodiny.<\/p>\n<p>Cena zahrnuje po\u010det lekc\u00ed dle rozvrhu\u00a0 x cenu za lekci.<\/p>\n<p data-pm-slice=\"1 1 []\">Cena za obdob\u00ed duben\u2013\u010derven 2026 za 10 \u00fatern\u00edch lekc\u00ed \u010din\u00ed po ode\u010dten\u00ed lekce ze dne 27. 1. (z d\u016fvodu nemoci) celkem 1 350 K\u010d.<\/p>\n<p>Cena za obdob\u00ed duben &#8211; \u010derven 2026 pro 10 lekc\u00ed ve \u010dtvrtek bude celkem 1500,-K\u010d.<\/p>\n<p>Rezervace m\u00edst prov\u00e1d\u011bjte formou SMS. Rezervace je platn\u00e1 a\u017e po uhrazen\u00ed cel\u00e9 \u010d\u00e1stky hotov\u011b ve studiu v dob\u011b ve\u0159ejn\u00fdch lekc\u00ed dle rozvrhu, nebo zasl\u00e1n\u00edm \u010d\u00e1stky na u\u010det: 107-9766500237\/0100. Jako variabiln\u00ed symbol u<span class=\"st\">ve\u010fte<\/span> sv\u00e9 telefonn\u00ed \u010d\u00edslo a do zpr\u00e1vy pro p\u0159\u00edjemce zadejte cel\u00e9 sv\u00e9 jm\u00e9no.<\/p>\n<p><span style=\"color: #808080;\">\u00a0<\/span><\/p>\n<p><span style=\"color: #808080;\">\u00a0<\/span><\/p>\n<figure id=\"attachment_491\" aria-describedby=\"caption-attachment-491\" style=\"width: 525px\" class=\"wp-caption aligncenter\"><img loading=\"lazy\" class=\"wp-image-491 size-large\" src=\"http:\/\/www.klubfialka.cz\/wp-content\/uploads\/2016\/04\/huhla_i5_5221-768x1024.jpg\" alt=\"\" width=\"525\" height=\"700\" \/><figcaption id=\"caption-attachment-491\" class=\"wp-caption-text\">Hong Kong<\/figcaption><\/figure>\n<p><span style=\"color: #993366;\"><em>\u00a0<\/em><\/span><\/p>\n","protected":false},"excerpt":{"rendered":"<p>Cena &#8211; pravideln\u00e1 lekce: 150,- K\u010d \/ 60 min Cena &#8211; Mysore, veden\u00e1 lekce Ashtangy: 200,- K\u010d \/ 90 min Organiza\u010dn\u00ed program lekc\u00ed j\u00f3gy v klubu Fialka a pravidla Pravideln\u00e9 uzav\u0159en\u00e9 lekce Lekce pravideln\u00fdch hodin se hrad\u00ed jako jeden blok. Nen\u00ed mo\u017eno nav\u0161t\u011bvovat pouze jednotliv\u00e9 hodiny. Cena zahrnuje po\u010det lekc\u00ed dle rozvrhu\u00a0 x cenu za &hellip; <\/p>\n<p class=\"link-more\"><a href=\"https:\/\/www.klubfialka.cz\/?page_id=38\" class=\"more-link\">Pokra\u010dovat ve \u010dten\u00ed<span class=\"screen-reader-text\"> &#8222;Kolik to stoj\u00ed&#8220;<\/span><\/a><\/p>\n","protected":false},"author":1,"featured_media":0,"parent":119,"menu_order":5,"comment_status":"closed","ping_status":"closed","template":"","meta":[],"_links":{"self":[{"href":"https:\/\/www.klubfialka.cz\/index.php?rest_route=\/wp\/v2\/pages\/38"}],"collection":[{"href":"https:\/\/www.klubfialka.cz\/index.php?rest_route=\/wp\/v2\/pages"}],"about":[{"href":"https:\/\/www.klubfialka.cz\/index.php?rest_route=\/wp\/v2\/types\/page"}],"author":[{"embeddable":true,"href":"https:\/\/www.klubfialka.cz\/index.php?rest_route=\/wp\/v2\/users\/1"}],"replies":[{"embeddable":true,"href":"https:\/\/www.klubfialka.cz\/index.php?rest_route=%2Fwp%2Fv2%2Fcomments&post=38"}],"version-history":[{"count":52,"href":"https:\/\/www.klubfialka.cz\/index.php?rest_route=\/wp\/v2\/pages\/38\/revisions"}],"predecessor-version":[{"id":1419,"href":"https:\/\/www.klubfialka.cz\/index.php?rest_route=\/wp\/v2\/pages\/38\/revisions\/1419"}],"up":[{"embeddable":true,"href":"https:\/\/www.klubfialka.cz\/index.php?rest_route=\/wp\/v2\/pages\/119"}],"wp:attachment":[{"href":"https:\/\/www.klubfialka.cz\/index.php?rest_route=%2Fwp%2Fv2%2Fmedia&parent=38"}],"curies":[{"name":"wp","href":"https:\/\/api.w.org\/{rel}","templated":true}]}}